{"id":447,"date":"2022-08-15T22:16:10","date_gmt":"2022-08-15T21:16:10","guid":{"rendered":"https:\/\/allthingsfemdom.com\/?page_id=447"},"modified":"2022-08-28T20:45:51","modified_gmt":"2022-08-28T19:45:51","slug":"science-pop-culture","status":"publish","type":"page","link":"https:\/\/allthingsfemdom.com\/es\/science-pop-culture\/","title":{"rendered":"Science &#038; Pop Culture"},"content":{"rendered":"<p>Smarter every day: BDSM in general and Femdom in particular have been researched extensively by different branches of science. I will try to give you and overview of the key findings.<\/p>\n\n\n\n<p>On a lighter note, I will also write about depictions of strong women and submissive men in pop culture. Have fun!<\/p>\n\n\n\n<div class=\"wp-block-query is-layout-flow wp-block-query-is-layout-flow\"><ul class=\"wp-block-post-template is-layout-flow wp-block-post-template-is-layout-flow\"><li class=\"wp-block-post post-445 post type-post status-publish format-standard hentry category-science-pop-culture tag-science\">\n<h2 class=\"wp-block-post-title\"><a href=\"https:\/\/allthingsfemdom.com\/es\/am-i-the-only-one-how-common-is-bdsm-in-the-general-population\/\" target=\"_self\" >\u00bfSoy el \u00fanico \/ la \u00fanica? \u00bfQu\u00e9 tan com\u00fan es el BDSM en la poblaci\u00f3n general?<\/a><\/h2>\n\n\n\n<div class=\"wp-block-post-excerpt\"><p class=\"wp-block-post-excerpt__excerpt\">Whenever we think about our sexual fantasies, we tend to quickly doubt ourselves. Am I weird? Am I the only one? However, in a world with 7 billion people and an equal amount of manifestations of sexual desires, the answer is generally: no, you are not. BDSM might fall in and out of fashion (think<\/p><p class=\"wp-block-post-excerpt__more-text\"><a class=\"wp-block-post-excerpt__more-link\" href=\"https:\/\/allthingsfemdom.com\/es\/am-i-the-only-one-how-common-is-bdsm-in-the-general-population\/\">Read more<\/a><\/p><\/div>\n<\/li><\/ul><\/div>","protected":false},"excerpt":{"rendered":"<p>Smarter every day: BDSM in general and Femdom in particular have been researched extensively by different branches of science. I will try to give you and overview of the key findings. On a lighter note, I will also write about depictions of strong women and submissive men in pop culture. Have fun!<\/p>","protected":false},"author":1,"featured_media":0,"parent":0,"menu_order":0,"comment_status":"closed","ping_status":"closed","template":"","meta":{"om_disable_all_campaigns":false,"_monsterinsights_skip_tracking":false,"_monsterinsights_sitenote_active":false,"_monsterinsights_sitenote_note":"","_monsterinsights_sitenote_category":0,"footnotes":""},"class_list":["post-447","page","type-page","status-publish"],"aioseo_notices":[],"jetpack_likes_enabled":true,"jetpack_sharing_enabled":true,"_links":{"self":[{"href":"https:\/\/allthingsfemdom.com\/es\/wp-json\/wp\/v2\/pages\/447","targetHints":{"allow":["GET"]}}],"collection":[{"href":"https:\/\/allthingsfemdom.com\/es\/wp-json\/wp\/v2\/pages"}],"about":[{"href":"https:\/\/allthingsfemdom.com\/es\/wp-json\/wp\/v2\/types\/page"}],"author":[{"embeddable":true,"href":"https:\/\/allthingsfemdom.com\/es\/wp-json\/wp\/v2\/users\/1"}],"replies":[{"embeddable":true,"href":"https:\/\/allthingsfemdom.com\/es\/wp-json\/wp\/v2\/comments?post=447"}],"version-history":[{"count":3,"href":"https:\/\/allthingsfemdom.com\/es\/wp-json\/wp\/v2\/pages\/447\/revisions"}],"predecessor-version":[{"id":643,"href":"https:\/\/allthingsfemdom.com\/es\/wp-json\/wp\/v2\/pages\/447\/revisions\/643"}],"wp:attachment":[{"href":"https:\/\/allthingsfemdom.com\/es\/wp-json\/wp\/v2\/media?parent=447"}],"curies":[{"name":"wp","href":"https:\/\/api.w.org\/{rel}","templated":true}]}}