{"id":650,"date":"2022-08-29T15:25:26","date_gmt":"2022-08-29T14:25:26","guid":{"rendered":"https:\/\/allthingsfemdom.com\/?page_id=650"},"modified":"2022-12-07T21:44:12","modified_gmt":"2022-12-07T20:44:12","slug":"welcome","status":"publish","type":"page","link":"https:\/\/allthingsfemdom.com\/es\/","title":{"rendered":"Welcome to my kinky Femdom life \u2013 A blog about steamy real-life BDSM"},"content":{"rendered":"<p>Esta p\u00e1gina trata sobre mujeres fuertes y hombres sumisos. Contiene relatos er\u00f3ticos, consejos para principiantes y para amantes y esclavos experimentados, y mucho m\u00e1s.<\/p>\n\n\n\n<p>En allthingsfemdom.com, te llevar\u00e9 en un viaje, compartiendo experiencias \u00edntimas de la relaci\u00f3n femenina con mi marido. El mundo del BDSM es enorme - sin embargo, lo mantendr\u00e9 real. Es decir, me centrar\u00e9 en experiencias que realmente suceden en mi vida.<\/p>\n\n\n\n<p>Cosas que discutiremos:<\/p>\n\n\n\n<ul class=\"wp-block-list\">\n<li>C\u00f3mo <a href=\"https:\/\/allthingsfemdom.com\/es\/how-to-24-7\/\" data-type=\"page\" data-id=\"42\">vivir (de forma realista) una relaci\u00f3n femdom<\/a>, casi 24\/7<\/li>\n\n\n\n<li>Los juguetes adecuados para complacer o -m\u00e1s bien- castigar a tu pareja<\/li>\n\n\n\n<li>Sexo y castidad<\/li>\n\n\n\n<li>Lo que yo llamo \"<a href=\"https:\/\/allthingsfemdom.com\/es\/fashion\/\" data-type=\"page\" data-id=\"58\">moda femdom<\/a>\", es decir, c\u00f3mo vestir el papel -s\u00ed, habr\u00e1 mucho cuero, l\u00e1tex y PVC. Ah, y zapatos, por supuesto. Tambi\u00e9n veremos c\u00f3mo cuidar tus piezas favoritas<\/li>\n<\/ul>\n\n\n\n<h2 class=\"wp-block-heading\">C\u00f3mo empezar<\/h2>\n\n\n\n<p>Este sitio web contiene docenas de posts sobre diversos aspectos del BDSM y el Femdom. As\u00ed que perm\u00edteme ser tu gu\u00eda y sugerirte algunos lugares por los que empezar.<\/p>\n\n\n\n<h3 class=\"wp-block-heading\">Relatos de Femdom<\/h3>\n\n\n\n<p>He escrito un par de <a href=\"https:\/\/allthingsfemdom.com\/es\/femdom-diary\/\" data-type=\"page\" data-id=\"20\">Relatos de Femdom<\/a> basadas en mi experiencia como Se\u00f1ora en la vida real. Una de las historias es <a href=\"https:\/\/allthingsfemdom.com\/es\/interactive-story-a-lockdown-and-a-sprint-part-1\/\" data-type=\"post\" data-id=\"384\">interactiva<\/a>, \u00a1t\u00fa eliges el resultado! L\u00e9elas por placer, o incluso mejor: \u00a1\u00fasalas como manual! \u00bfLo has probado en casa (por favor, ten cuidado)? Entonces, \u00a1env\u00edeme sus experiencias! El formulario de contacto est\u00e1 al final de la p\u00e1gina.<\/p>\n\n\n\n<h3 class=\"wp-block-heading\">Con\u00f3zcame<\/h3>\n\n\n\n<p>You can read my <a href=\"https:\/\/allthingsfemdom.com\/es\/about\/\" title=\"Sobre\">about<\/a> page, see my <a data-type=\"post\" data-id=\"49\" href=\"https:\/\/allthingsfemdom.com\/es\/my-shoes\/\">zapatos<\/a> y c\u00f3mo me <a data-type=\"post\" data-id=\"127\" href=\"https:\/\/allthingsfemdom.com\/es\/how-to-dress-for-femdom-play\/\">visto para jugar<\/a>. I also have a <a href=\"https:\/\/allthingsfemdom.com\/es\/about\/frequently-asked-questions-faq\/\" title=\"Frequently Asked Questions (FAQ)\">FAQ<\/a> page.<\/p>\n\n\n\n<h3 class=\"wp-block-heading\">Obt\u00e9n algunas ideas<\/h3>\n\n\n\n<p>Comparto muchas de mis pr\u00e1cticas e ideas en la categor\u00eda <a href=\"https:\/\/allthingsfemdom.com\/es\/how-to-24-7\/\" data-type=\"page\" data-id=\"42\">C\u00f3mo 24\/7<\/a>, que disfrutar\u00e1s incluso si no est\u00e1s en una din\u00e1mica de Femdom 24\/7.<\/p>\n\n\n\n<p>Lo m\u00e1s destacado, en mi opini\u00f3n: una <a href=\"https:\/\/allthingsfemdom.com\/es\/proposal-for-a-23-7-relationship\/\" data-type=\"post\" data-id=\"60\">propuesta detallada para una relaci\u00f3n Femdom 24\/7<\/a>, para ser implementada de manera realista en tu vida diaria.<\/p>\n\n\n\n<p>Una serie trata espec\u00edficamente de los <a data-type=\"post\" data-id=\"92\" href=\"https:\/\/allthingsfemdom.com\/es\/series-punishments-i-purpose\/\">castigos<\/a>: the why, the how, and more. Occasionally, I challenge my slave&#8217;s boundaries, and might even <a href=\"https:\/\/allthingsfemdom.com\/es\/the-triple-pain-and-reward-challenge\/\" title=\"The triple pain and reward challenge\">reward him if he pushes them<\/a>.<\/p>\n\n\n\n<p>Mantengo a mi esclavo permanentemente encerrado. Lee m\u00e1s sobre esto en mi serie sobre las <a href=\"https:\/\/allthingsfemdom.com\/es\/the-four-keys-to-our-24-7-relationship\/\" data-type=\"post\" data-id=\"28\">Cuatro Claves de Nuestra Relaci\u00f3n Femdom 24\/7<\/a>. Dado que el Femdom es nuestra elecci\u00f3n de estilo de vida, tambi\u00e9n lo vivimos fuera de casa, y te explico c\u00f3mo puedes ser <a href=\"https:\/\/allthingsfemdom.com\/es\/femdom-in-public-but-discretely\/\" data-type=\"post\" data-id=\"662\">pervertido en p\u00fablico, aunque de forma discreta<\/a>.<\/p>\n\n\n\n<p>Hay algunos posts m\u00e1s espec\u00edficos, como el que habla de nuestros <a data-type=\"post\" data-id=\"40\" href=\"https:\/\/allthingsfemdom.com\/es\/sleeping-arrangements\/\">arreglos para dormir<\/a>, el que habla del <a data-type=\"post\" data-id=\"47\" href=\"https:\/\/allthingsfemdom.com\/es\/me-time-x2\/\">tiempo para m\u00ed y para el esclavo<\/a> , o el que habla de las medidas que tomo contra el problema de <a data-type=\"post\" data-id=\"622\" href=\"https:\/\/allthingsfemdom.com\/es\/breathing-training-for-mouthbreathers\/\">respiraci\u00f3n bucal<\/a> problem. I also address <a href=\"https:\/\/allthingsfemdom.com\/es\/5-ways-of-communication-during-bdsm-play\/\" title=\"5 Ways of Communicating during BDSM Play\">how to communicate during BDSM play<\/a>.<\/p>\n\n\n\n<h2 class=\"wp-block-heading\">Arte, ciencia y entretenimiento<\/h2>\n\n\n\n<p>Escrib\u00ed un par de posts sobre la ciencia detr\u00e1s del BDSM, por ejemplo, sobre <a href=\"https:\/\/allthingsfemdom.com\/es\/am-i-the-only-one-how-common-is-bdsm-in-the-general-population\/\" data-type=\"post\" data-id=\"445\">lo com\u00fan que es en la poblaci\u00f3n<\/a>. Tambi\u00e9n habr\u00e1 posts sobre el BDSM en las artes y el entretenimiento.<\/p>\n\n\n\n<h2 class=\"wp-block-heading\">Mi l\u00ednea de ropa<\/h2>\n\n\n\n<p>Por \u00faltimo, he dise\u00f1ado una <a href=\"https:\/\/allthingsfemdom.com\/es\/shop\/\" data-type=\"page\" data-id=\"69\">serie de camisetas pervertidas y elegantes<\/a> para <a href=\"https:\/\/allthingsfemdom.com\/es\/categoria-producto\/dominant-shirts\/\" data-type=\"product_cat\" data-id=\"76\">Se\u00f1oras<\/a> y <a href=\"https:\/\/allthingsfemdom.com\/es\/categoria-producto\/submissive-t-shirts\/\" data-type=\"product_cat\" data-id=\"36\">esclavos<\/a>. Har\u00e1n girar las cabezas sin importar d\u00f3nde est\u00e9s, y dejar\u00e1n claro qui\u00e9n eres.<\/p>\n\n\n\n<h2 class=\"wp-block-heading\">Con\u00e9ctate conmigo<\/h2>\n\n\n\n<p>Sigamos en contacto. Puedes seguirme en <a href=\"https:\/\/www.instagram.com\/allthingsfemdom\/\">Instagram<\/a> y <a href=\"https:\/\/twitter.com\/FemdomThings\">Twitter<\/a>. Una excelente forma de saludar: <a href=\"https:\/\/www.buymeacoffee.com\/allthingsfemdom\" data-type=\"URL\" data-id=\"https:\/\/www.buymeacoffee.com\/allthingsfemdom\">\u00a1env\u00edame un mensaje e inv\u00edtame a un caf\u00e9!<\/a>!<\/p>","protected":false},"excerpt":{"rendered":"<p>This page is all about strong women and submissive men. It features erotic stories, how-tos for novices as well as experienced Mistresses and slaves, and much more. On allthingsfemdom.com, I will take you on a journey, sharing intimate experiences from the female-led relationship with my husband. The world of BDSM is huge \u2013 however, I &#8230; <a title=\"Welcome to my kinky Femdom life \u2013 A blog about steamy real-life BDSM\" class=\"read-more\" href=\"https:\/\/allthingsfemdom.com\/es\/\" aria-label=\"Leer m\u00e1s sobre Welcome to my kinky Femdom life \u2013 A blog about steamy real-life BDSM\">Leer m\u00e1s<\/a><\/p>","protected":false},"author":1,"featured_media":0,"parent":0,"menu_order":0,"comment_status":"closed","ping_status":"closed","template":"","meta":{"om_disable_all_campaigns":false,"_monsterinsights_skip_tracking":false,"_monsterinsights_sitenote_active":false,"_monsterinsights_sitenote_note":"","_monsterinsights_sitenote_category":0,"footnotes":""},"class_list":["post-650","page","type-page","status-publish"],"aioseo_notices":[],"jetpack_likes_enabled":true,"jetpack_sharing_enabled":true,"_links":{"self":[{"href":"https:\/\/allthingsfemdom.com\/es\/wp-json\/wp\/v2\/pages\/650","targetHints":{"allow":["GET"]}}],"collection":[{"href":"https:\/\/allthingsfemdom.com\/es\/wp-json\/wp\/v2\/pages"}],"about":[{"href":"https:\/\/allthingsfemdom.com\/es\/wp-json\/wp\/v2\/types\/page"}],"author":[{"embeddable":true,"href":"https:\/\/allthingsfemdom.com\/es\/wp-json\/wp\/v2\/users\/1"}],"replies":[{"embeddable":true,"href":"https:\/\/allthingsfemdom.com\/es\/wp-json\/wp\/v2\/comments?post=650"}],"version-history":[{"count":13,"href":"https:\/\/allthingsfemdom.com\/es\/wp-json\/wp\/v2\/pages\/650\/revisions"}],"predecessor-version":[{"id":797,"href":"https:\/\/allthingsfemdom.com\/es\/wp-json\/wp\/v2\/pages\/650\/revisions\/797"}],"wp:attachment":[{"href":"https:\/\/allthingsfemdom.com\/es\/wp-json\/wp\/v2\/media?parent=650"}],"curies":[{"name":"wp","href":"https:\/\/api.w.org\/{rel}","templated":true}]}}