{"id":794,"date":"2022-12-07T21:41:05","date_gmt":"2022-12-07T20:41:05","guid":{"rendered":"https:\/\/allthingsfemdom.com\/?page_id=794"},"modified":"2022-12-07T21:42:59","modified_gmt":"2022-12-07T20:42:59","slug":"frequently-asked-questions-faq","status":"publish","type":"page","link":"https:\/\/allthingsfemdom.com\/es\/about\/frequently-asked-questions-faq\/","title":{"rendered":"Frequently Asked Questions (FAQ)"},"content":{"rendered":"<h2 class=\"wp-block-heading\">Why do you run this website?<\/h2>\n\n\n\n<p>Getting into the Femdom lifestyle took Me a long time. I have wasted years and entire relationships on finding a dynamic that works for Me. By operating this blog, I want to help dominant women and submissive men to reach happy lives with fulfilling relationships.<\/p>\n\n\n\n<h2 class=\"wp-block-heading\">How can I help you in your mission?<\/h2>\n\n\n\n<p>It\u2019s simple: the more money I earn here, the less I have to earn money elsewhere. If you donate to this project, e.g. by buying a&nbsp;<a href=\"https:\/\/allthingsfemdom.com\/es\/shop\/\">t-shirt<\/a>&nbsp;or&nbsp;<a href=\"https:\/\/www.buymeacoffee.com\/allthingsfemdom\" target=\"_blank\" rel=\"noreferrer noopener\">buying me a coffee<\/a>, I can dedicate more time to this blog and My lifestyle.<\/p>\n\n\n\n<h2 class=\"wp-block-heading\">What do you think of maledom? Is it ok if men dominate women?<\/h2>\n\n\n\n<p>I\u2019ll be frank: absolutely not my thing. I respect the choices of other women, but I find it neither sexy nor bearable. Women have suffered enough \u2013 we should be in charge!<\/p>\n\n\n\n<p>That\u2019s why I have difficulties enjoy most of mainstream BDSM-themed entertainment. Fifty Shades of Grey \u2013 terrible in so many ways; 365 Days \u2013 even worse.<\/p>\n\n\n\n<h2 class=\"wp-block-heading\">Do you attend public fetish or BDSM parties?<\/h2>\n\n\n\n<p>Rarely, and it has to do mainly with maledom. Although it\u2019s great that we live in a world (or rather: a part of the world) in which we can express and live our kinks freely and openly, I just find those parties often enough not&nbsp;<em>sexy<\/em>. Don\u2019t get Me wrong: I\u2019m cool with how others practice BDSM, but that doesn\u2019t mean I enjoy watching it. However, I think it\u2019s a lot of fun to be around other dominant women. So with the right people, I can and do enjoy dedicated Femdom parties!<\/p>\n\n\n\n<h2 class=\"wp-block-heading\">You write a lot about male chastity, how you keep your husband locked in a cockcage. What about chastity belts for women?<\/h2>\n\n\n\n<p>Female sexuality has been suppressed since the dawn of mankind or at least civilization. Female chastity is definitely not something I have any interest in.<\/p>\n\n\n\n<h2 class=\"wp-block-heading\">How do I tell my partner that I\u2019m into BDSM?<\/h2>\n\n\n\n<p>Always tricky. For lack of having written a post on that yet, here just three quick points:<\/p>\n\n\n\n<ol class=\"wp-block-list\">\n<li>Take it slow. You just met a person in a vanilla setting, don\u2019t know anything about their kinks \u2013 do yourself and your date a favor and don\u2019t take them to your basement sex dungeon right away.<\/li>\n\n\n\n<li>Communicate. Tastes, desires and wishes are different from person to person. You will \u2013 both! \u2013 have to speak openly about them and see where they overlap.<\/li>\n\n\n\n<li>Explore. We don\u2019t know everything we might enjoy. Just like with food, you have to keep trying new things to see if you will like them.<\/li>\n<\/ol>\n\n\n\n<figure class=\"wp-block-table is-style-regular\"><table class=\"has-background\" style=\"background-color:#f78da829\"><thead><tr><th><strong>La Se\u00f1ora solicita su servicio<\/strong><\/th><\/tr><\/thead><tbody><tr><td>\u00bfTe gusta mi blog? \u00a1Entonces ap\u00f3yame y \"<a href=\"https:\/\/www.buymeacoffee.com\/allthingsfemdom\" data-type=\"URL\" data-id=\"https:\/\/www.buymeacoffee.com\/allthingsfemdom\">C\u00f3mprame un caf\u00e9<\/a>\" y\/o suscr\u00edbete a mi bolet\u00edn de noticias kinky (usa el formulario de abajo)! <br>Esto me permite comprar m\u00e1s juguetes, zapatos y ropa para que los disfrutes. <\/td><\/tr><\/tbody><\/table><\/figure>","protected":false},"excerpt":{"rendered":"<p>Why do you run this website? Getting into the Femdom lifestyle took Me a long time. I have wasted years and entire relationships on finding a dynamic that works for Me. By operating this blog, I want to help dominant women and submissive men to reach happy lives with fulfilling relationships. How can I help &#8230; <a title=\"Frequently Asked Questions (FAQ)\" class=\"read-more\" href=\"https:\/\/allthingsfemdom.com\/es\/about\/frequently-asked-questions-faq\/\" aria-label=\"Leer m\u00e1s sobre Frequently Asked Questions (FAQ)\">Leer m\u00e1s<\/a><\/p>","protected":false},"author":1,"featured_media":0,"parent":9,"menu_order":0,"comment_status":"open","ping_status":"closed","template":"","meta":{"om_disable_all_campaigns":false,"_monsterinsights_skip_tracking":false,"_monsterinsights_sitenote_active":false,"_monsterinsights_sitenote_note":"","_monsterinsights_sitenote_category":0,"footnotes":""},"class_list":["post-794","page","type-page","status-publish"],"aioseo_notices":[],"jetpack_likes_enabled":true,"jetpack_sharing_enabled":true,"_links":{"self":[{"href":"https:\/\/allthingsfemdom.com\/es\/wp-json\/wp\/v2\/pages\/794","targetHints":{"allow":["GET"]}}],"collection":[{"href":"https:\/\/allthingsfemdom.com\/es\/wp-json\/wp\/v2\/pages"}],"about":[{"href":"https:\/\/allthingsfemdom.com\/es\/wp-json\/wp\/v2\/types\/page"}],"author":[{"embeddable":true,"href":"https:\/\/allthingsfemdom.com\/es\/wp-json\/wp\/v2\/users\/1"}],"replies":[{"embeddable":true,"href":"https:\/\/allthingsfemdom.com\/es\/wp-json\/wp\/v2\/comments?post=794"}],"version-history":[{"count":2,"href":"https:\/\/allthingsfemdom.com\/es\/wp-json\/wp\/v2\/pages\/794\/revisions"}],"predecessor-version":[{"id":796,"href":"https:\/\/allthingsfemdom.com\/es\/wp-json\/wp\/v2\/pages\/794\/revisions\/796"}],"up":[{"embeddable":true,"href":"https:\/\/allthingsfemdom.com\/es\/wp-json\/wp\/v2\/pages\/9"}],"wp:attachment":[{"href":"https:\/\/allthingsfemdom.com\/es\/wp-json\/wp\/v2\/media?parent=794"}],"curies":[{"name":"wp","href":"https:\/\/api.w.org\/{rel}","templated":true}]}}