{"id":9,"date":"2022-07-15T22:52:54","date_gmt":"2022-07-15T22:52:54","guid":{"rendered":"http:\/\/104.248.83.137\/allthingsfemdom\/?page_id=9"},"modified":"2022-08-21T09:45:01","modified_gmt":"2022-08-21T08:45:01","slug":"about","status":"publish","type":"page","link":"https:\/\/allthingsfemdom.com\/es\/about\/","title":{"rendered":"Sobre"},"content":{"rendered":"<p>Esta p\u00e1gina trata sobre mujeres fuertes y hombres sumisos. Contiene relatos er\u00f3ticos, consejos para principiantes y para amantes y esclavos experimentados, y mucho m\u00e1s.<\/p>\n\n\n\n<p>En allthingsfemdom.com, te llevar\u00e9 en un viaje, compartiendo experiencias \u00edntimas de la relaci\u00f3n femenina con mi marido. El mundo del BDSM es enorme - sin embargo, lo mantendr\u00e9 real. Es decir, me centrar\u00e9 en experiencias que realmente suceden en mi vida.  <\/p>\n\n\n\n<p>Cosas que discutiremos:<\/p>\n\n\n\n<ul class=\"wp-block-list\"><li>C\u00f3mo vivir una relaci\u00f3n femdom, casi 24\/7<\/li><li>Los juguetes adecuados para complacer o -m\u00e1s bien- castigar a tu pareja<\/li><li>Sexo y castidad<\/li><li>Lo que yo llamo \"moda estricta\", es decir, c\u00f3mo vestir el papel - s\u00ed, habr\u00e1 mucho cuero, l\u00e1tex y PVC. Ah, y zapatos, por supuesto. Tambi\u00e9n veremos c\u00f3mo cuidar tus piezas favoritas<\/li><\/ul>\n\n\n\n<h2 class=\"wp-block-heading\">Sobre m\u00ed<\/h2>\n\n\n\n<p>Soy originaria de Sudam\u00e9rica y ahora vivo en la hermosa Suiza con mi esclavo de tiempo completo. Por el momento, permanecer\u00e9 en el anonimato (s\u00f3lo ll\u00e1mame \"Ama\"), pero ver\u00e1s trozos de m\u00ed: mi ropa, mis pies, mis juguetes. Tal vez m\u00e1s, qui\u00e9n sabe a d\u00f3nde nos lleva este viaje.<\/p>\n\n\n\n<h2 class=\"wp-block-heading\">Descargo de responsabilidad<\/h2>\n\n\n\n<p>La seguridad y el consentimiento mutuo son siempre lo primero, y no puedo dejar de recalcarlo. Todo lo que describo en este sitio web debe entenderse en el contexto de una relaci\u00f3n consensuada. No todas las pr\u00e1cticas que describo son adecuadas y seguras para todo el mundo. Es tu responsabilidad involucrarte s\u00f3lo en un juego seguro, y no asumir\u00e9 ninguna responsabilidad por no detallar todo el conjunto de precauciones que debes tomar al intentar cualquier cosa que leas aqu\u00ed en casa.<\/p>","protected":false},"excerpt":{"rendered":"<p>This page is all about strong women and submissive men. It features erotic stories, how-tos for novices as well as experienced Mistresses and slaves, and much more. On allthingsfemdom.com, I will take you on a journey, sharing intimate experiences from the female-led relationship with my husband. The world of BDSM is huge \u2013 however, I &#8230; <a title=\"Sobre\" class=\"read-more\" href=\"https:\/\/allthingsfemdom.com\/es\/about\/\" aria-label=\"Leer m\u00e1s sobre About\">Leer m\u00e1s<\/a><\/p>","protected":false},"author":1,"featured_media":0,"parent":0,"menu_order":0,"comment_status":"closed","ping_status":"closed","template":"","meta":{"om_disable_all_campaigns":false,"_monsterinsights_skip_tracking":false,"_monsterinsights_sitenote_active":false,"_monsterinsights_sitenote_note":"","_monsterinsights_sitenote_category":0,"footnotes":""},"class_list":["post-9","page","type-page","status-publish"],"aioseo_notices":[],"jetpack_likes_enabled":true,"jetpack_sharing_enabled":true,"_links":{"self":[{"href":"https:\/\/allthingsfemdom.com\/es\/wp-json\/wp\/v2\/pages\/9","targetHints":{"allow":["GET"]}}],"collection":[{"href":"https:\/\/allthingsfemdom.com\/es\/wp-json\/wp\/v2\/pages"}],"about":[{"href":"https:\/\/allthingsfemdom.com\/es\/wp-json\/wp\/v2\/types\/page"}],"author":[{"embeddable":true,"href":"https:\/\/allthingsfemdom.com\/es\/wp-json\/wp\/v2\/users\/1"}],"replies":[{"embeddable":true,"href":"https:\/\/allthingsfemdom.com\/es\/wp-json\/wp\/v2\/comments?post=9"}],"version-history":[{"count":1,"href":"https:\/\/allthingsfemdom.com\/es\/wp-json\/wp\/v2\/pages\/9\/revisions"}],"predecessor-version":[{"id":484,"href":"https:\/\/allthingsfemdom.com\/es\/wp-json\/wp\/v2\/pages\/9\/revisions\/484"}],"wp:attachment":[{"href":"https:\/\/allthingsfemdom.com\/es\/wp-json\/wp\/v2\/media?parent=9"}],"curies":[{"name":"wp","href":"https:\/\/api.w.org\/{rel}","templated":true}]}}