{"id":505,"date":"2022-08-22T10:41:04","date_gmt":"2022-08-22T09:41:04","guid":{"rendered":"https:\/\/allthingsfemdom.com\/product\/get-on-your-knees\/"},"modified":"2022-09-09T21:22:20","modified_gmt":"2022-09-09T20:22:20","slug":"get-on-your-knees","status":"publish","type":"product","link":"https:\/\/allthingsfemdom.com\/es\/producto\/get-on-your-knees\/","title":{"rendered":"Get on your knees! (Racerback tank top)"},"content":{"rendered":"<p>\"Get on your knees\" (en Espa\u00f1ol: \"Ponte de rodillas\") - el comienzo de una hermosa sesi\u00f3n de Femdom. Tanto si eres una Ama BDSM, una nueva jefa de equipo en tu empresa o la entrenadora de tu equipo deportivo, el mensaje es inequ\u00edvoco: t\u00fa eres la que manda. A tus esclavos, sumisos y subordinados les encantar\u00e1.<\/p>\n<p>Lo mejor: es s\u00faper suave y c\u00f3modo, al menos para ti. <\/p>\n<p>Caracter\u00edsticas:<br \/>\n- Camiseta con costura cruda y espalda deportiva<br \/>\n- 50% poli\u00e9ster, 25% algod\u00f3n peinado hilado en anillos, 25% ray\u00f3n<br \/>\n- Peso del tejido: 128 g\/m\u00b2 (3,8 oz\/yd\u00b2)<br \/>\n- 40 unidades<br \/>\n- Ajuste relajado<br \/>\n- Construcci\u00f3n con costuras laterales<br \/>\n- Producto en blanco procedente de Nicaragua, Honduras, M\u00e9xico o Estados Unidos<\/p>","protected":false},"excerpt":{"rendered":"<p>&#8220;Get on your knees&#8221; \u2013 the start of a beautiful Femdom session. Whether you&#8217;re a BDSM Mistress, a new team leader at your company or the coach of your sports team \u2013 the message is unequivocal: you&#8217;re the one in charge. Your slaves, submissives and subordinates will love it. The best thing: it&#8217;s super soft &#8230; <a title=\"Get on your knees! (Racerback tank top)\" class=\"read-more\" href=\"https:\/\/allthingsfemdom.com\/es\/producto\/get-on-your-knees\/\" aria-label=\"Leer m\u00e1s sobre Get on your knees! (Racerback tank top)\">Leer m\u00e1s<\/a><\/p>","protected":false},"featured_media":518,"comment_status":"open","ping_status":"closed","template":"","meta":{"om_disable_all_campaigns":false,"_monsterinsights_skip_tracking":false,"_monsterinsights_sitenote_active":false,"_monsterinsights_sitenote_note":"","_monsterinsights_sitenote_category":0},"product_brand":[],"product_cat":[76],"product_tag":[],"class_list":{"0":"post-505","1":"product","2":"type-product","3":"status-publish","4":"has-post-thumbnail","6":"product_cat-dominant-shirts","8":"first","9":"instock","10":"taxable","11":"shipping-taxable","12":"purchasable","13":"product-type-variable"},"aioseo_notices":[],"jetpack_likes_enabled":true,"jetpack_sharing_enabled":true,"_links":{"self":[{"href":"https:\/\/allthingsfemdom.com\/es\/wp-json\/wp\/v2\/product\/505","targetHints":{"allow":["GET"]}}],"collection":[{"href":"https:\/\/allthingsfemdom.com\/es\/wp-json\/wp\/v2\/product"}],"about":[{"href":"https:\/\/allthingsfemdom.com\/es\/wp-json\/wp\/v2\/types\/product"}],"replies":[{"embeddable":true,"href":"https:\/\/allthingsfemdom.com\/es\/wp-json\/wp\/v2\/comments?post=505"}],"wp:featuredmedia":[{"embeddable":true,"href":"https:\/\/allthingsfemdom.com\/es\/wp-json\/wp\/v2\/media\/518"}],"wp:attachment":[{"href":"https:\/\/allthingsfemdom.com\/es\/wp-json\/wp\/v2\/media?parent=505"}],"wp:term":[{"taxonomy":"product_brand","embeddable":true,"href":"https:\/\/allthingsfemdom.com\/es\/wp-json\/wp\/v2\/product_brand?post=505"},{"taxonomy":"product_cat","embeddable":true,"href":"https:\/\/allthingsfemdom.com\/es\/wp-json\/wp\/v2\/product_cat?post=505"},{"taxonomy":"product_tag","embeddable":true,"href":"https:\/\/allthingsfemdom.com\/es\/wp-json\/wp\/v2\/product_tag?post=505"}],"curies":[{"name":"wp","href":"https:\/\/api.w.org\/{rel}","templated":true}]}}