{"id":551,"date":"2022-08-26T21:08:29","date_gmt":"2022-08-26T20:08:29","guid":{"rendered":"https:\/\/allthingsfemdom.com\/product\/you-complain-too-much-crop-top\/"},"modified":"2022-09-10T15:26:45","modified_gmt":"2022-09-10T14:26:45","slug":"you-complain-too-much-crop-top","status":"publish","type":"product","link":"https:\/\/allthingsfemdom.com\/es\/producto\/you-complain-too-much-crop-top\/","title":{"rendered":"You complain too much (crop top)"},"content":{"rendered":"<p>La gente tiene que saber que ya no se le puede dar su merecido. Una mordaza crear\u00e1 una agradable atm\u00f3sfera de calma y tranquilidad a tu alrededor. Este crop top ce\u00f1ido al cuerpo para dominantes femeninas (Femdoms), Mistresses y Reinas env\u00eda un mensaje claro con una medida espec\u00edfica en caso de incumplimiento, a la vez que te hace lucir fabulosa.<\/p>\n<p>Caracter\u00edsticas:<br \/>\n- 82% poli\u00e9ster, 18% spandex<br \/>\n- Peso del tejido: 6,78 oz\/yd\u00b2 (230 g\/m\u00b2) (el peso puede variar un 5%)<br \/>\n- El material tiene una elasticidad de cuatro v\u00edas, lo que significa que el tejido se estira y recupera en los granos transversales y longitudinales.<br \/>\n- Fabricado con un hilo de microfibra suave y confortable<br \/>\n- Ajuste ce\u00f1ido al cuerpo<br \/>\n- Cortado con precisi\u00f3n y cosido a mano despu\u00e9s de la impresi\u00f3n<\/p>","protected":false},"excerpt":{"rendered":"<p>People need to know that you&#8217;re not having their BS any longer. A ballgag will create a pleasant atmosphere of calm and quiet around you. This body-hugging crop top for female dominants (Femdoms), Mistresses and Queens sends out a clear message with a specific measure in case of non-compliance, while making you look fabulous. Features: &#8230; <a title=\"You complain too much (crop top)\" class=\"read-more\" href=\"https:\/\/allthingsfemdom.com\/es\/producto\/you-complain-too-much-crop-top\/\" aria-label=\"Leer m\u00e1s sobre You complain too much (crop top)\">Leer m\u00e1s<\/a><\/p>","protected":false},"featured_media":560,"comment_status":"open","ping_status":"closed","template":"","meta":{"om_disable_all_campaigns":false,"_monsterinsights_skip_tracking":false,"_monsterinsights_sitenote_active":false,"_monsterinsights_sitenote_note":"","_monsterinsights_sitenote_category":0},"product_brand":[],"product_cat":[76],"product_tag":[],"class_list":{"0":"post-551","1":"product","2":"type-product","3":"status-publish","4":"has-post-thumbnail","6":"product_cat-dominant-shirts","8":"first","9":"instock","10":"taxable","11":"shipping-taxable","12":"purchasable","13":"product-type-variable"},"aioseo_notices":[],"jetpack_likes_enabled":true,"jetpack_sharing_enabled":true,"_links":{"self":[{"href":"https:\/\/allthingsfemdom.com\/es\/wp-json\/wp\/v2\/product\/551","targetHints":{"allow":["GET"]}}],"collection":[{"href":"https:\/\/allthingsfemdom.com\/es\/wp-json\/wp\/v2\/product"}],"about":[{"href":"https:\/\/allthingsfemdom.com\/es\/wp-json\/wp\/v2\/types\/product"}],"replies":[{"embeddable":true,"href":"https:\/\/allthingsfemdom.com\/es\/wp-json\/wp\/v2\/comments?post=551"}],"wp:featuredmedia":[{"embeddable":true,"href":"https:\/\/allthingsfemdom.com\/es\/wp-json\/wp\/v2\/media\/560"}],"wp:attachment":[{"href":"https:\/\/allthingsfemdom.com\/es\/wp-json\/wp\/v2\/media?parent=551"}],"wp:term":[{"taxonomy":"product_brand","embeddable":true,"href":"https:\/\/allthingsfemdom.com\/es\/wp-json\/wp\/v2\/product_brand?post=551"},{"taxonomy":"product_cat","embeddable":true,"href":"https:\/\/allthingsfemdom.com\/es\/wp-json\/wp\/v2\/product_cat?post=551"},{"taxonomy":"product_tag","embeddable":true,"href":"https:\/\/allthingsfemdom.com\/es\/wp-json\/wp\/v2\/product_tag?post=551"}],"curies":[{"name":"wp","href":"https:\/\/api.w.org\/{rel}","templated":true}]}}