{"id":568,"date":"2022-08-27T21:47:48","date_gmt":"2022-08-27T20:47:48","guid":{"rendered":"https:\/\/allthingsfemdom.com\/product\/slaveboy\/"},"modified":"2026-04-09T06:58:43","modified_gmt":"2026-04-09T05:58:43","slug":"slaveboy","status":"publish","type":"product","link":"https:\/\/allthingsfemdom.com\/es\/producto\/slaveboy\/","title":{"rendered":"slaveboy (chico esclavo)"},"content":{"rendered":"<p>La camiseta perfecta para los chicos esclavos. Deja claro a todo el mundo que tu \u00fanica misi\u00f3n en la vida es servir a tu Ama. Demuestra tu voluntad de servir y, qui\u00e9n sabe, tal vez encuentres una Femdom que te deje lamerle las botas. Pero no le hagas perder el tiempo, \u00bflo prometes?<\/p>\n<p>La camiseta tiene un ajuste estructurado y elegante y es duradera y suave gracias a su material de algod\u00f3n hilado en anillo. Puedes ponerte la camiseta en capas o sola y disfrutar de un aspecto estupendo con poco esfuerzo.<br \/>\n- 100% algod\u00f3n peinado hilado en anillos<br \/>\n- Charcoal Heather y Carbon Grey son 60% algod\u00f3n y 40% poli\u00e9ster<br \/>\n- Peso del tejido: 220 g\/m\u00b2 (6,5 oz\/yd\u00b2)<br \/>\n- 20 unidades<br \/>\n- Corte regular<br \/>\n- Construcci\u00f3n con costuras laterales<br \/>\n- 1 \u00d7 1 costilla en el cuello <br \/>\n- Puntada de borde de una aguja 7\/8\u2033.<\/p>","protected":false},"excerpt":{"rendered":"<p>The perfect t-shirt for slave boys. Make it clear to everybody that your only mission in life is to serve your Mistress. Show your willingness to serve, and who knows, maybe you will even find a Femdom who will let you lick her boots clean. Just don&#8217;t waste her time, promise? The tee has a &#8230; <a title=\"slaveboy (chico esclavo)\" class=\"read-more\" href=\"https:\/\/allthingsfemdom.com\/es\/producto\/slaveboy\/\" aria-label=\"Leer m\u00e1s sobre slaveboy\">Leer m\u00e1s<\/a><\/p>","protected":false},"featured_media":613,"comment_status":"open","ping_status":"closed","template":"","meta":{"om_disable_all_campaigns":false,"_monsterinsights_skip_tracking":false,"_monsterinsights_sitenote_active":false,"_monsterinsights_sitenote_note":"","_monsterinsights_sitenote_category":0},"product_brand":[],"product_cat":[36],"product_tag":[],"class_list":{"0":"post-568","1":"product","2":"type-product","3":"status-publish","4":"has-post-thumbnail","6":"product_cat-submissive-t-shirts","8":"first","9":"instock","10":"taxable","11":"shipping-taxable","12":"purchasable","13":"product-type-variable"},"aioseo_notices":[],"jetpack_likes_enabled":true,"jetpack_sharing_enabled":true,"_links":{"self":[{"href":"https:\/\/allthingsfemdom.com\/es\/wp-json\/wp\/v2\/product\/568","targetHints":{"allow":["GET"]}}],"collection":[{"href":"https:\/\/allthingsfemdom.com\/es\/wp-json\/wp\/v2\/product"}],"about":[{"href":"https:\/\/allthingsfemdom.com\/es\/wp-json\/wp\/v2\/types\/product"}],"replies":[{"embeddable":true,"href":"https:\/\/allthingsfemdom.com\/es\/wp-json\/wp\/v2\/comments?post=568"}],"wp:featuredmedia":[{"embeddable":true,"href":"https:\/\/allthingsfemdom.com\/es\/wp-json\/wp\/v2\/media\/613"}],"wp:attachment":[{"href":"https:\/\/allthingsfemdom.com\/es\/wp-json\/wp\/v2\/media?parent=568"}],"wp:term":[{"taxonomy":"product_brand","embeddable":true,"href":"https:\/\/allthingsfemdom.com\/es\/wp-json\/wp\/v2\/product_brand?post=568"},{"taxonomy":"product_cat","embeddable":true,"href":"https:\/\/allthingsfemdom.com\/es\/wp-json\/wp\/v2\/product_cat?post=568"},{"taxonomy":"product_tag","embeddable":true,"href":"https:\/\/allthingsfemdom.com\/es\/wp-json\/wp\/v2\/product_tag?post=568"}],"curies":[{"name":"wp","href":"https:\/\/api.w.org\/{rel}","templated":true}]}}